{"id":317,"date":"2021-02-25T16:54:18","date_gmt":"2021-02-25T15:54:18","guid":{"rendered":"https:\/\/dedating.de\/?page_id=317"},"modified":"2022-02-02T17:24:52","modified_gmt":"2022-02-02T16:24:52","slug":"disclaimer","status":"publish","type":"page","link":"https:\/\/dedating.de\/de\/disclaimer\/","title":{"rendered":"Disclaimer"},"content":{"rendered":"\n<p>I confirm that I am over 18 years old\uff0cI confirm that the understanding of the various language meanings of all content on this website is the responsibility of myself and my lawyer, and has nothing to do with the original language of the website and the creator of the website.<br>Participating in phone dating, you are responsible for possible phone number leakage and harassment (DE Dating will not actively disclose your personal information).<\/p>\n\n\n\n<p>Ich best\u00e4tige, dass ich \u00fcber 18 Jahre alt bin\uff0cIch best\u00e4tige, dass das Verst\u00e4ndnis der verschiedenen Sprachbedeutungen aller Inhalte dieser Website in der Verantwortung von mir und meinem Anwalt liegt und nichts mit der Originalsprache der Website und dem Ersteller der Website zu tun hat.<br>Bei der Teilnahme am Telefon-Dating sind Sie f\u00fcr m\u00f6gliches Durchsickern und Bel\u00e4stigen von Telefonnummern verantwortlich (DE Dating wird Ihre pers\u00f6nlichen Daten nicht aktiv offenlegen).<\/p>\n\n\n\n<p>Je confirme que j&#8217;ai plus de 18 ans\uff0cJe confirme que la compr\u00e9hension des diff\u00e9rentes significations linguistiques de tout le contenu de ce site Web rel\u00e8ve de ma responsabilit\u00e9 et de celle de mon avocat, et n&#8217;a rien \u00e0 voir avec la langue d&#8217;origine du site Web et le cr\u00e9ateur du site Web.<br>En participant \u00e0 des rencontres par t\u00e9l\u00e9phone, vous \u00eates responsable d&#8217;\u00e9ventuelles fuites de num\u00e9ros de t\u00e9l\u00e9phone et de harc\u00e8lement (DE Dating ne divulguera pas activement vos informations personnelles).<\/p>\n\n\n\n<p>Confermo di avere pi\u00f9 di 18 anni\uff0cConfermo che la comprensione dei vari significati linguistici di tutti i contenuti di questo sito Web \u00e8 responsabilit\u00e0 mia e del mio avvocato e non ha nulla a che fare con la lingua originale del sito Web e con il creatore del sito Web.<br>Partecipando a incontri telefonici, sei responsabile di possibili perdite di numero di telefono e molestie (DE Dating non divulgher\u00e0 attivamente le tue informazioni personali).<\/p>\n\n\n\n<p>Jag bekr\u00e4ftar att jag \u00e4r \u00f6ver 18 \u00e5rJag bekr\u00e4ftar att f\u00f6rst\u00e5elsen av de olika spr\u00e5kbetydelserna av allt inneh\u00e5ll p\u00e5 denna webbplats \u00e4r mitt eget och min advokats ansvar och har inget att g\u00f6ra med webbplatsens originalspr\u00e5k och skaparen av webbplatsen.<br>N\u00e4r du deltar i telefondejting \u00e4r du ansvarig f\u00f6r eventuellt telefonnummerl\u00e4ckage och trakasserier (DE Dating kommer inte aktivt att avsl\u00f6ja din personliga information).<\/p>\n\n\n\n<p>Potwierdzam, \u017ce mam uko\u0144czone 18 lat\uff0cPotwierdzam, \u017ce za zrozumienie r\u00f3\u017cnych znacze\u0144 j\u0119zykowych wszystkich tre\u015bci na tej stronie odpowiadam ja i m\u00f3j prawnik i nie ma to nic wsp\u00f3lnego z oryginalnym j\u0119zykiem strony i tw\u00f3rc\u0105 strony.<br>Uczestnicz\u0105c w randkowaniu przez telefon, jeste\u015b odpowiedzialny za mo\u017cliwy wyciek numeru telefonu i n\u0119kanie (DE Dating nie b\u0119dzie aktywnie ujawnia\u0107 Twoich danych osobowych).<\/p>\n\n\n\n<p>\u0e09\u0e31\u0e19\u0e22\u0e37\u0e19\u0e22\u0e31\u0e19\u0e27\u0e48\u0e32\u0e09\u0e31\u0e19\u0e2d\u0e32\u0e22\u0e38\u0e21\u0e32\u0e01\u0e01\u0e27\u0e48\u0e32 18 \u0e1b\u0e35\uff0c\u0e09\u0e31\u0e19\u0e22\u0e37\u0e19\u0e22\u0e31\u0e19\u0e27\u0e48\u0e32\u0e04\u0e27\u0e32\u0e21\u0e40\u0e02\u0e49\u0e32\u0e43\u0e08\u0e43\u0e19\u0e04\u0e27\u0e32\u0e21\u0e2b\u0e21\u0e32\u0e22\u0e20\u0e32\u0e29\u0e32\u0e15\u0e48\u0e32\u0e07\u0e46\u0e02\u0e2d\u0e07\u0e40\u0e19\u0e37\u0e49\u0e2d\u0e2b\u0e32\u0e17\u0e31\u0e49\u0e07\u0e2b\u0e21\u0e14\u0e43\u0e19\u0e40\u0e27\u0e47\u0e1a\u0e44\u0e0b\u0e15\u0e4c\u0e19\u0e35\u0e49\u0e40\u0e1b\u0e47\u0e19\u0e04\u0e27\u0e32\u0e21\u0e23\u0e31\u0e1a\u0e1c\u0e34\u0e14\u0e0a\u0e2d\u0e1a\u0e02\u0e2d\u0e07\u0e15\u0e31\u0e27\u0e09\u0e31\u0e19\u0e40\u0e2d\u0e07\u0e41\u0e25\u0e30\u0e17\u0e19\u0e32\u0e22\u0e04\u0e27\u0e32\u0e21\u0e02\u0e2d\u0e07\u0e09\u0e31\u0e19\u0e41\u0e25\u0e30\u0e44\u0e21\u0e48\u0e21\u0e35\u0e2a\u0e48\u0e27\u0e19\u0e40\u0e01\u0e35\u0e48\u0e22\u0e27\u0e02\u0e49\u0e2d\u0e07\u0e01\u0e31\u0e1a\u0e20\u0e32\u0e29\u0e32\u0e14\u0e31\u0e49\u0e07\u0e40\u0e14\u0e34\u0e21\u0e02\u0e2d\u0e07\u0e40\u0e27\u0e47\u0e1a\u0e44\u0e0b\u0e15\u0e4c\u0e41\u0e25\u0e30\u0e1c\u0e39\u0e49\u0e2a\u0e23\u0e49\u0e32\u0e07\u0e40\u0e27\u0e47\u0e1a\u0e44\u0e0b\u0e15\u0e4c.<br>\u0e40\u0e02\u0e49\u0e32\u0e23\u0e48\u0e27\u0e21\u0e43\u0e19\u0e01\u0e32\u0e23\u0e19\u0e31\u0e14\u0e2b\u0e21\u0e32\u0e22\u0e17\u0e32\u0e07\u0e42\u0e17\u0e23\u0e28\u0e31\u0e1e\u0e17\u0e4c \u0e04\u0e38\u0e13\u0e15\u0e49\u0e2d\u0e07\u0e23\u0e31\u0e1a\u0e1c\u0e34\u0e14\u0e0a\u0e2d\u0e1a\u0e15\u0e48\u0e2d\u0e01\u0e32\u0e23\u0e23\u0e31\u0e48\u0e27\u0e44\u0e2b\u0e25\u0e02\u0e2d\u0e07\u0e2b\u0e21\u0e32\u0e22\u0e40\u0e25\u0e02\u0e42\u0e17\u0e23\u0e28\u0e31\u0e1e\u0e17\u0e4c\u0e41\u0e25\u0e30\u0e01\u0e32\u0e23\u0e25\u0e48\u0e27\u0e07\u0e25\u0e30\u0e40\u0e21\u0e34\u0e14 (DE Dating \u0e08\u0e30\u0e44\u0e21\u0e48\u0e40\u0e1b\u0e34\u0e14\u0e40\u0e1c\u0e22\u0e02\u0e49\u0e2d\u0e21\u0e39\u0e25\u0e2a\u0e48\u0e27\u0e19\u0e1a\u0e38\u0e04\u0e04\u0e25\u0e02\u0e2d\u0e07\u0e04\u0e38\u0e13\u0e2d\u0e22\u0e48\u0e32\u0e07\u0e08\u0e23\u0e34\u0e07\u0e08\u0e31\u0e07)<\/p>\n\n\n\n<p>T\u00f4i x\u00e1c nh\u1eadn r\u1eb1ng t\u00f4i tr\u00ean 18 tu\u1ed5i\uff0cT\u00f4i x\u00e1c nh\u1eadn r\u1eb1ng vi\u1ec7c hi\u1ec3u c\u00e1c \u00fd ngh\u0129a ng\u00f4n ng\u1eef kh\u00e1c nhau c\u1ee7a t\u1ea5t c\u1ea3 n\u1ed9i dung tr\u00ean trang web n\u00e0y l\u00e0 tr\u00e1ch nhi\u1ec7m c\u1ee7a b\u1ea3n th\u00e2n t\u00f4i v\u00e0 lu\u1eadt s\u01b0 c\u1ee7a t\u00f4i, kh\u00f4ng li\u00ean quan g\u00ec \u0111\u1ebfn ng\u00f4n ng\u1eef g\u1ed1c c\u1ee7a trang web v\u00e0 ng\u01b0\u1eddi t\u1ea1o ra trang web.<br> Tham gia h\u1eb9n h\u00f2 qua \u0111i\u1ec7n tho\u1ea1i, b\u1ea1n ph\u1ea3i ch\u1ecbu tr\u00e1ch nhi\u1ec7m v\u1ec1 kh\u1ea3 n\u0103ng r\u00f2 r\u1ec9 v\u00e0 qu\u1ea5y r\u1ed1i s\u1ed1 \u0111i\u1ec7n tho\u1ea1i (DE Dating s\u1ebd kh\u00f4ng ch\u1ee7 \u0111\u1ed9ng ti\u1ebft l\u1ed9 th\u00f4ng tin c\u00e1 nh\u00e2n c\u1ee7a b\u1ea1n).<\/p>\n\n\n\n<p>\u6211\u786e\u8ba4\u6211\u5df2\u5e74\u6ee1\u5341\u516b\u5c81\uff0c\u672c\u4eba\u786e\u8ba4\uff0c\u672c\u7f51\u7ad9\u6240\u6709\u5185\u5bb9\u7684\u5404\u79cd\u8bed\u8a00\u542b\u4e49\u7684\u7406\u89e3\u7531\u6211\u81ea\u5df1\u548c\u6211\u7684\u5f8b\u5e08\u8d1f\u8d23\uff0c\u4e0e\u7f51\u7ad9\u539f\u8bed\u8a00\u4ee5\u53ca\u7f51\u7ad9\u521b\u5efa\u8005\u65e0\u5173.<br>\n\u53c2\u4e0e\u7535\u8bdd\u4ea4\u53cb\u7684\uff0c\u81ea\u5df1\u627f\u62c5\u53ef\u80fd\u7684\u7535\u8bdd\u53f7\u7801\u5916\u6cc4\u548c\u9a9a\u6270 (DE Dating \u4e0d\u4f1a\u4e3b\u52a8\u6cc4\u9732\u60a8\u7684\u4e2a\u4eba\u4fe1\u606f).<\/p>\n\n\n\n<p>Confirmo que soy mayor de 18 a\u00f1os\uff0cConfirmo que la comprensi\u00f3n de los diversos significados ling\u00fc\u00edsticos de todo el contenido de este sitio web es responsabilidad m\u00eda y de mi abogado, y no tiene nada que ver con el idioma original del sitio web y el creador del sitio web.<br>Al participar en citas telef\u00f3nicas, usted es responsable de la posible filtraci\u00f3n y acoso del n\u00famero de tel\u00e9fono (DE Dating no divulgar\u00e1 activamente su informaci\u00f3n personal).<\/p>\n","protected":false},"excerpt":{"rendered":"<p>I confirm that I am over 18 years old\uff0cI confirm that the understanding of the various language meanings of all content on this website is the responsibility of myself and my lawyer, and has nothing to do with the original language of the website and the creator of the website.Participating in phone dating, you are responsible for possible phone number leakage and harassment (DE Dating will not actively disclose your personal information). Ich best\u00e4tige, dass ich \u00fcber 18 Jahre alt<span class=\"ellipsis\">&hellip;<\/span><\/p>\n","protected":false},"author":1,"featured_media":0,"parent":0,"menu_order":0,"comment_status":"closed","ping_status":"closed","template":"","meta":{"footnotes":""},"class_list":["post-317","page","type-page","status-publish","hentry","odd"],"_links":{"self":[{"href":"https:\/\/dedating.de\/de\/wp-json\/wp\/v2\/pages\/317","targetHints":{"allow":["GET"]}}],"collection":[{"href":"https:\/\/dedating.de\/de\/wp-json\/wp\/v2\/pages"}],"about":[{"href":"https:\/\/dedating.de\/de\/wp-json\/wp\/v2\/types\/page"}],"author":[{"embeddable":true,"href":"https:\/\/dedating.de\/de\/wp-json\/wp\/v2\/users\/1"}],"replies":[{"embeddable":true,"href":"https:\/\/dedating.de\/de\/wp-json\/wp\/v2\/comments?post=317"}],"version-history":[{"count":0,"href":"https:\/\/dedating.de\/de\/wp-json\/wp\/v2\/pages\/317\/revisions"}],"wp:attachment":[{"href":"https:\/\/dedating.de\/de\/wp-json\/wp\/v2\/media?parent=317"}],"curies":[{"name":"wp","href":"https:\/\/api.w.org\/{rel}","templated":true}]}}